{"id":530,"date":"2024-02-14T21:04:21","date_gmt":"2024-02-14T21:04:21","guid":{"rendered":"https:\/\/e-uaem.mx\/ofertaeducativa2\/?page_id=530"},"modified":"2024-09-09T19:21:14","modified_gmt":"2024-09-09T19:21:14","slug":"pf-contaduria","status":"publish","type":"page","link":"https:\/\/ofertaeducativa.e-uaem.mx\/?page_id=530","title":{"rendered":"Proceso de formaci\u00f3n | Contadur\u00eda"},"content":{"rendered":"\t\t<div data-elementor-type=\"wp-page\" data-elementor-id=\"530\" class=\"elementor elementor-530\">\n\t\t\t\t<div class=\"elementor-element elementor-element-dd9b499 e-flex e-con-boxed e-con e-parent\" data-id=\"dd9b499\" data-element_type=\"container\" data-e-type=\"container\">\n\t\t\t\t\t<div class=\"e-con-inner\">\n\t\t\t\t<div class=\"elementor-element elementor-element-1c9b57e elementor-widget elementor-widget-text-editor\" data-id=\"1c9b57e\" data-element_type=\"widget\" data-e-type=\"widget\" data-widget_type=\"text-editor.default\">\n\t\t\t\t<div class=\"elementor-widget-container\">\n\t\t\t\t\t\t\t\t\t<p class=\"has-medium-font-size\" style=\"text-align: justify;\">El plan de estudio est\u00e1 dise\u00f1ado para cursarse en ocho semestres. Se conforma de 52 de aprendizaje, de las cuales 45 son obligatorias y 7 optativas, un bloque de formaci\u00f3n integral y Tutor\u00edas en tres momentos. Asimismo, el estudiante deber\u00e1 cumplir durante la licenciatura con las pr\u00e1cticas profesionales y el servicio social, que reforzar\u00e1n sus conocimientos y contribuir\u00e1 a su desarrollo.<\/p><p class=\"has-medium-font-size\" style=\"text-align: justify;\">Est\u00e1 estructurado por tres ciclos formativos y tienen como base los Ejes Generales de Formaci\u00f3n:<\/p><ol><li class=\"has-medium-font-size\" style=\"text-align: justify;\">Formaci\u00f3n Te\u00f3rico-T\u00e9cnica en las \u00e1reas de conocimiento de Contadur\u00eda, Sociales-Administrativas y Econ\u00f3mica-Financiera;<\/li><li class=\"has-medium-font-size\" style=\"text-align: justify;\">Formaci\u00f3n para la Generaci\u00f3n y Aplicaci\u00f3n del Conocimiento<\/li><li class=\"has-medium-font-size\" style=\"text-align: justify;\">Formaci\u00f3n en Contexto y<\/li><li class=\"has-medium-font-size\" style=\"text-align: justify;\">Formaci\u00f3n para el Desarrollo Humano<\/li><\/ol><p class=\"has-medium-font-size\" style=\"text-align: justify;\">los cuales en su conjunto est\u00e1n orientados a lograr los conocimientos, capacidades, habilidades, valores y rasgos esenciales de la personalidad que debe poseer un egresado de la Licenciatura en Contadur\u00eda, es decir, pretende propiciar la participaci\u00f3n del estudiante virtual, para que deje de ser un simple espectador y memorizador, y se convierta en el constructor de su propio conocimiento.<\/p><p class=\"has-medium-font-size\" style=\"text-align: justify;\">El plan de estudios contempla que el estudiante podr\u00e1 elegir entre 4 optativas durante el s\u00e9ptimo y octavo semestre: Fiscal, Auditor\u00eda, Finanzas y Costos para la toma de decisiones, a fin de darle alternativas en cuanto a su especializaci\u00f3n para ingresar a un campo de trabajo m\u00e1s espec\u00edfico de acuerdo con sus intereses profesionales.<\/p>\t\t\t\t\t\t\t\t<\/div>\n\t\t\t\t<\/div>\n\t\t\t\t\t<\/div>\n\t\t\t\t<\/div>\n\t\t<div class=\"elementor-element elementor-element-50139b9 e-flex e-con-boxed e-con e-parent\" data-id=\"50139b9\" data-element_type=\"container\" data-e-type=\"container\">\n\t\t\t\t\t<div class=\"e-con-inner\">\n\t\t<div class=\"elementor-element elementor-element-358bfbd e-con-full e-flex e-con e-child\" data-id=\"358bfbd\" data-element_type=\"container\" data-e-type=\"container\">\n\t\t\t\t<div class=\"elementor-element elementor-element-bcfc22a elementor-view-default elementor-position-block-start elementor-mobile-position-block-start elementor-widget elementor-widget-icon-box\" data-id=\"bcfc22a\" data-element_type=\"widget\" data-e-type=\"widget\" data-widget_type=\"icon-box.default\">\n\t\t\t\t<div class=\"elementor-widget-container\">\n\t\t\t\t\t\t\t<div class=\"elementor-icon-box-wrapper\">\n\n\t\t\t\t\t\t<div class=\"elementor-icon-box-icon\">\n\t\t\t\t<a href=\"http:\/\/ofertaeducativa.e-uaem.mx\/wp-content\/uploads\/2024\/02\/Mapa-Curricular-LC-2019-Modalidad-Virtual.pdf\" target=\"_blank\" class=\"elementor-icon\" tabindex=\"-1\" aria-label=\"Mapa curricular\">\n\t\t\t\t<i aria-hidden=\"true\" class=\"far fa-file-pdf\"><\/i>\t\t\t\t<\/a>\n\t\t\t<\/div>\n\t\t\t\n\t\t\t\t\t\t<div class=\"elementor-icon-box-content\">\n\n\t\t\t\t\t\t\t\t\t<h3 class=\"elementor-icon-box-title\">\n\t\t\t\t\t\t<a href=\"http:\/\/ofertaeducativa.e-uaem.mx\/wp-content\/uploads\/2024\/02\/Mapa-Curricular-LC-2019-Modalidad-Virtual.pdf\" target=\"_blank\" >\n\t\t\t\t\t\t\tMapa curricular\t\t\t\t\t\t<\/a>\n\t\t\t\t\t<\/h3>\n\t\t\t\t\n\t\t\t\t\n\t\t\t<\/div>\n\t\t\t\n\t\t<\/div>\n\t\t\t\t\t\t<\/div>\n\t\t\t\t<\/div>\n\t\t\t\t<\/div>\n\t\t<div class=\"elementor-element elementor-element-6fe6572 e-con-full e-flex e-con e-child\" data-id=\"6fe6572\" data-element_type=\"container\" data-e-type=\"container\">\n\t\t\t\t<\/div>\n\t\t<div class=\"elementor-element elementor-element-2d3960a e-con-full e-flex e-con e-child\" data-id=\"2d3960a\" data-element_type=\"container\" data-e-type=\"container\">\n\t\t\t\t<div class=\"elementor-element elementor-element-c3728f5 elementor-view-default elementor-position-block-start elementor-mobile-position-block-start elementor-widget elementor-widget-icon-box\" data-id=\"c3728f5\" data-element_type=\"widget\" data-e-type=\"widget\" data-widget_type=\"icon-box.default\">\n\t\t\t\t<div class=\"elementor-widget-container\">\n\t\t\t\t\t\t\t<div class=\"elementor-icon-box-wrapper\">\n\n\t\t\t\t\t\t<div class=\"elementor-icon-box-icon\">\n\t\t\t\t<a href=\"http:\/\/ofertaeducativa.e-uaem.mx\/wp-content\/uploads\/2024\/02\/PE-Licenciatura-en-Contaduria-2019-Modalidad-Virtual.pdf\" target=\"_blank\" class=\"elementor-icon\" tabindex=\"-1\" aria-label=\"Plan de estudios\">\n\t\t\t\t<i aria-hidden=\"true\" class=\"far fa-file-pdf\"><\/i>\t\t\t\t<\/a>\n\t\t\t<\/div>\n\t\t\t\n\t\t\t\t\t\t<div class=\"elementor-icon-box-content\">\n\n\t\t\t\t\t\t\t\t\t<h3 class=\"elementor-icon-box-title\">\n\t\t\t\t\t\t<a href=\"http:\/\/ofertaeducativa.e-uaem.mx\/wp-content\/uploads\/2024\/02\/PE-Licenciatura-en-Contaduria-2019-Modalidad-Virtual.pdf\" target=\"_blank\" >\n\t\t\t\t\t\t\tPlan de estudios\t\t\t\t\t\t<\/a>\n\t\t\t\t\t<\/h3>\n\t\t\t\t\n\t\t\t\t\n\t\t\t<\/div>\n\t\t\t\n\t\t<\/div>\n\t\t\t\t\t\t<\/div>\n\t\t\t\t<\/div>\n\t\t\t\t<\/div>\n\t\t\t\t\t<\/div>\n\t\t\t\t<\/div>\n\t\t\t\t<\/div>\n\t\t","protected":false},"excerpt":{"rendered":"<p>El plan de estudio est\u00e1 dise\u00f1ado para cursarse en ocho semestres. Se conforma de 52 de aprendizaje, de las cuales 45 son obligatorias y 7 optativas, un bloque de formaci\u00f3n &#8230;<\/p>\n","protected":false},"author":1,"featured_media":0,"parent":0,"menu_order":0,"comment_status":"closed","ping_status":"closed","template":"","meta":{"footnotes":""},"class_list":["post-530","page","type-page","status-publish","hentry"],"_links":{"self":[{"href":"https:\/\/ofertaeducativa.e-uaem.mx\/index.php?rest_route=\/wp\/v2\/pages\/530","targetHints":{"allow":["GET"]}}],"collection":[{"href":"https:\/\/ofertaeducativa.e-uaem.mx\/index.php?rest_route=\/wp\/v2\/pages"}],"about":[{"href":"https:\/\/ofertaeducativa.e-uaem.mx\/index.php?rest_route=\/wp\/v2\/types\/page"}],"author":[{"embeddable":true,"href":"https:\/\/ofertaeducativa.e-uaem.mx\/index.php?rest_route=\/wp\/v2\/users\/1"}],"replies":[{"embeddable":true,"href":"https:\/\/ofertaeducativa.e-uaem.mx\/index.php?rest_route=%2Fwp%2Fv2%2Fcomments&post=530"}],"version-history":[{"count":19,"href":"https:\/\/ofertaeducativa.e-uaem.mx\/index.php?rest_route=\/wp\/v2\/pages\/530\/revisions"}],"predecessor-version":[{"id":803,"href":"https:\/\/ofertaeducativa.e-uaem.mx\/index.php?rest_route=\/wp\/v2\/pages\/530\/revisions\/803"}],"wp:attachment":[{"href":"https:\/\/ofertaeducativa.e-uaem.mx\/index.php?rest_route=%2Fwp%2Fv2%2Fmedia&parent=530"}],"curies":[{"name":"wp","href":"https:\/\/api.w.org\/{rel}","templated":true}]}}