{"id":541,"date":"2024-02-14T21:51:04","date_gmt":"2024-02-14T21:51:04","guid":{"rendered":"https:\/\/e-uaem.mx\/ofertaeducativa2\/?page_id=541"},"modified":"2024-02-14T22:25:38","modified_gmt":"2024-02-14T22:25:38","slug":"pe-contaduria","status":"publish","type":"page","link":"http:\/\/ofertaeducativa.e-uaem.mx\/?page_id=541","title":{"rendered":"Perfil de egreso | Contadur\u00eda"},"content":{"rendered":"\t\t<div data-elementor-type=\"wp-page\" data-elementor-id=\"541\" class=\"elementor elementor-541\">\n\t\t\t\t<div class=\"elementor-element elementor-element-60ff9a1 e-flex e-con-boxed e-con e-parent\" data-id=\"60ff9a1\" data-element_type=\"container\" data-e-type=\"container\">\n\t\t\t\t\t<div class=\"e-con-inner\">\n\t\t\t\t<div class=\"elementor-element elementor-element-1752d522 elementor-widget elementor-widget-text-editor\" data-id=\"1752d522\" data-element_type=\"widget\" data-e-type=\"widget\" data-widget_type=\"text-editor.default\">\n\t\t\t\t<div class=\"elementor-widget-container\">\n\t\t\t\t\t\t\t\t\t<div style=\"text-align:justify;\">\n\n<div class=\"has-medium-font-size\">\n<h2><strong>Competencias gen\u00e9ricas<\/strong><\/h2>\n<p>El plan de estudios de la Licenciatura en Contadur\u00eda en modalidad virtual se adhiere a las competencias gen\u00e9ricas que contempla el Modelo Universitario (UAEM, 2010); mismas que se toman de referencia de dicho documento, agrupadas de la siguiente manera:<\/p>\n<p><strong>Generaci\u00f3n y aplicaci\u00f3n del conocimiento<\/strong><\/p>\n<ol>\n<li>Capacidad para el aprendizaje de forma aut\u00f3noma*<\/li>\n<li>Capacidad de pensamiento cr\u00edtico y reflexivo*<\/li>\n<li>Capacidad cr\u00edtica y autocr\u00edtica.<\/li>\n<li>Capacidad de abstracci\u00f3n, an\u00e1lisis y s\u00edntesis.<\/li>\n<li>Capacidad de aprender y actualizarse permanentemente.<\/li>\n<li>Capacidad para la investigaci\u00f3n.<\/li>\n<li>Capacidad de comunicaci\u00f3n en un segundo idioma.<\/li>\n<li>Capacidad creativa.<\/li>\n<li>Capacidad de comunicaci\u00f3n oral y escrita*<\/li>\n<li>Habilidades en el uso de las tecnolog\u00edas de la informaci\u00f3n y de la comunicaci\u00f3n.<\/li>\n<li>Habilidades para buscar, procesar y analizar informaci\u00f3n*<\/li>\n<\/ol>\n<p>\u00a0<\/p>\n<p><strong>Aplicables en contexto<\/strong><\/p>\n<ol>\n<li>Habilidad para el trabajo en forma colaborativa*<\/li>\n<li>Habilidad para trabajar en forma aut\u00f3noma.<\/li>\n<li>Capacidad de aplicar los conocimientos en la pr\u00e1ctica.<\/li>\n<li>Capacidad para formular y gestionar proyectos.<\/li>\n<li>Capacidad para identificar, plantear y resolver problemas.<\/li>\n<li>Capacidad de motivar y conducir hacia metas comunes.<\/li>\n<li>Capacidad para tomar decisiones.<\/li>\n<li>Capacidad para actuar en nuevas situaciones.<\/li>\n<li>Conocimientos sobre el \u00e1rea de estudios y la profesi\u00f3n<\/li>\n<\/ol>\n<p>\u00a0<\/p>\n<p><strong>Sociales<\/strong><\/p>\n<ol>\n<li>Capacidad de expresi\u00f3n y comunicaci\u00f3n*<\/li>\n<li>Participaci\u00f3n de responsabilidad social*<\/li>\n<li>Capacidad para organizar y planificar el tiempo.<\/li>\n<li>Capacidad de trabajo en equipo*<\/li>\n<li>Habilidades interpersonales.<\/li>\n<li>Habilidad para trabajar en contextos culturales diversos.<\/li>\n<\/ol>\n<p>\u00a0<\/p>\n<p><strong>\u00c9ticas<\/strong><\/p>\n<ol>\n<li>Autodeterminaci\u00f3n y cuidado de s\u00ed*<\/li>\n<li>Compromiso ciudadano*<\/li>\n<li>Compromiso con la preservaci\u00f3n del medio ambiente.<\/li>\n<li>Compromiso con medio sociocultural.<\/li>\n<li>Valoraci\u00f3n y respeto por la diversidad y la multiculturalidad.<\/li>\n<li>Compromiso con la calidad.<\/li>\n<li>Compromiso \u00e9tico.<\/li>\n<\/ol>\n<p>\u00a0<\/p>\n<p><strong>Competencias espec\u00edficas<\/strong><\/p>\n<ol>\n<li>Conoce, analiza y aplica las Normas de Informaci\u00f3n Financiera (NIF) de acuerdo con lo establecido por el Consejo Mexicano de Normas de Informaci\u00f3n Financiera (CINIF), para la obtenci\u00f3n de informaci\u00f3n en las entidades u organizaciones.<\/li>\n<li>Dise\u00f1a y establece controles internos que proporcionen a las entidades u organizaciones procesos a trav\u00e9s del adecuado registro de las operaciones y transacciones econ\u00f3micas que desarrollan las entidades para la correcta toma de decisiones.<\/li>\n<li>Elabora e interpreta informaci\u00f3n financiera hist\u00f3rica o prospectiva, a trav\u00e9s del an\u00e1lisis y la aplicaci\u00f3n de m\u00e9todos matem\u00e1ticos y financieros para la toma de decisiones en torno a las entidades u organizaciones.<\/li>\n<li>Genera y analiza informaci\u00f3n financiera cuantitativa de las entidades u organizaciones a trav\u00e9s de la evaluaci\u00f3n y an\u00e1lisis de su situaci\u00f3n para la toma decisiones.<\/li>\n<li>Dise\u00f1a y establece procedimientos de revisi\u00f3n y control de las operaciones en entidades econ\u00f3micas, mediante el conocimiento de las gu\u00edas de auditoria emitidas por la Comisi\u00f3n de Normas de Auditoria y Aseguramiento (CONAA) del Instituto Mexicano de Contadores P\u00fablicos (IMCP) con la finalidad de emitir una opini\u00f3n sobre la informaci\u00f3n financiera.<\/li>\n<li>Conoce e interpreta las disposiciones legales de los \u00e1mbitos nacional e internacional para aplicarlas en el ejercicio de derechos, mediante el cumplimiento de las obligaciones que se generen para las entidades u organizaciones.<\/li>\n<li>Lidera grupos de trabajo colaborativo desempe\u00f1\u00e1ndose con car\u00e1cter humanista, a trav\u00e9s de t\u00e9cnicas que le permitan: crear, identificar, evaluar y seleccionar oportunidades para lograr los objetivos de las organizaciones.<\/li>\n<li>Conoce y aplica el c\u00f3digo de \u00e9tica, a trav\u00e9s de las normas de actuar del Contador para el desempe\u00f1o de su profesi\u00f3n con calidad, con rectitud, comunicando las intenciones, ideas y sentimientos abierta y directamente. Actuando con honestidad incluso en negociaciones dif\u00edciles.<\/li>\n<li>Demuestra experticia en todos aquellos programas inform\u00e1ticos que se utilizan en las organizaciones, en el \u00e1rea contable mediante el uso de las Tecnolog\u00edas de la Informaci\u00f3n y Comunicaci\u00f3n para eficientar los procesos en la generaci\u00f3n de informaci\u00f3n suficiente, oportuna y confiable, para la toma de decisiones.<\/li>\n<li>Aplica los m\u00e9todos de investigaci\u00f3n en las ciencias econ\u00f3mico-administrativas, generando nuevos conocimientos en beneficio de la sociedad y para la soluci\u00f3n de problemas en las entidades u organizaciones mediante el an\u00e1lisis de las distintas etapas del proceso de investigaci\u00f3n.<\/li>\n<li>Formula informes detallados sobre las actividades realizadas, resultados obtenidos y\/o sobre alg\u00fan otro aspecto propio de la profesi\u00f3n, mediante la informaci\u00f3n contable, para el logro de su eficiencia operativa.<\/li>\n<li>Desarrolla pensamiento cr\u00edtico, responsabilidad social, \u00e9tica y visi\u00f3n human\u00edstica, con capacidad de liderar proyectos productivos, para solucionar los problemas del contexto.<\/li>\n<li>Conoce en forma efectiva deberes y derechos ciudadanos, la realidad socio econ\u00f3mico, cultural y ecol\u00f3gico del pa\u00eds; el dominio de un idioma extranjero y el manejo de herramientas inform\u00e1ticas, para desempe\u00f1arse en la labor profesional con conocimientos generales y operar de manera autodidacta y que a su vez se complemente con su contexto y actividades acad\u00e9micas.<\/li>\n<li>Desarrolla el control y an\u00e1lisis de los procesos que generan informaci\u00f3n financiera en los sectores de su influencia, para apoyar la toma de decisiones, utilizando la comunicaci\u00f3n verbal y no verbal, tecnolog\u00edas de la informaci\u00f3n y procesos de investigaci\u00f3n de fuente nacional o internacional.<\/li>\n<li>Comprende, comunica y describe, de forma oral y escrita frases y expresiones de uso cotidiano en el idioma ingl\u00e9s mediante intercambios sencillos y directos de informaci\u00f3n b\u00e1sica para relacionarse en situaciones conocidas o habituales y aspectos de su entorno.<\/li>\n<\/ol>\n<\/div>\n<\/div>\t\t\t\t\t\t\t\t<\/div>\n\t\t\t\t<\/div>\n\t\t\t\t\t<\/div>\n\t\t\t\t<\/div>\n\t\t\t\t<\/div>\n\t\t","protected":false},"excerpt":{"rendered":"<p>Competencias gen\u00e9ricas El plan de estudios de la Licenciatura en Contadur\u00eda en modalidad virtual se adhiere a las competencias gen\u00e9ricas que contempla el Modelo Universitario (UAEM, 2010); mismas que se &#8230;<\/p>\n","protected":false},"author":1,"featured_media":0,"parent":0,"menu_order":0,"comment_status":"closed","ping_status":"closed","template":"","meta":{"footnotes":""},"class_list":["post-541","page","type-page","status-publish","hentry"],"_links":{"self":[{"href":"http:\/\/ofertaeducativa.e-uaem.mx\/index.php?rest_route=\/wp\/v2\/pages\/541","targetHints":{"allow":["GET"]}}],"collection":[{"href":"http:\/\/ofertaeducativa.e-uaem.mx\/index.php?rest_route=\/wp\/v2\/pages"}],"about":[{"href":"http:\/\/ofertaeducativa.e-uaem.mx\/index.php?rest_route=\/wp\/v2\/types\/page"}],"author":[{"embeddable":true,"href":"http:\/\/ofertaeducativa.e-uaem.mx\/index.php?rest_route=\/wp\/v2\/users\/1"}],"replies":[{"embeddable":true,"href":"http:\/\/ofertaeducativa.e-uaem.mx\/index.php?rest_route=%2Fwp%2Fv2%2Fcomments&post=541"}],"version-history":[{"count":8,"href":"http:\/\/ofertaeducativa.e-uaem.mx\/index.php?rest_route=\/wp\/v2\/pages\/541\/revisions"}],"predecessor-version":[{"id":557,"href":"http:\/\/ofertaeducativa.e-uaem.mx\/index.php?rest_route=\/wp\/v2\/pages\/541\/revisions\/557"}],"wp:attachment":[{"href":"http:\/\/ofertaeducativa.e-uaem.mx\/index.php?rest_route=%2Fwp%2Fv2%2Fmedia&parent=541"}],"curies":[{"name":"wp","href":"https:\/\/api.w.org\/{rel}","templated":true}]}}