{"id":363,"date":"2024-02-08T21:32:12","date_gmt":"2024-02-08T21:32:12","guid":{"rendered":"https:\/\/e-uaem.mx\/ofertaeducativa2\/?page_id=363"},"modified":"2024-09-09T19:22:59","modified_gmt":"2024-09-09T19:22:59","slug":"lao-pf","status":"publish","type":"page","link":"http:\/\/ofertaeducativa.e-uaem.mx\/?page_id=363","title":{"rendered":"Proceso de formaci\u00f3n | LAO"},"content":{"rendered":"\t\t<div data-elementor-type=\"wp-page\" data-elementor-id=\"363\" class=\"elementor elementor-363\">\n\t\t\t\t<div class=\"elementor-element elementor-element-dd9b499 e-flex e-con-boxed e-con e-parent\" data-id=\"dd9b499\" data-element_type=\"container\" data-e-type=\"container\">\n\t\t\t\t\t<div class=\"e-con-inner\">\n\t\t\t\t<div class=\"elementor-element elementor-element-1c9b57e elementor-widget elementor-widget-text-editor\" data-id=\"1c9b57e\" data-element_type=\"widget\" data-e-type=\"widget\" data-widget_type=\"text-editor.default\">\n\t\t\t\t<div class=\"elementor-widget-container\">\n\t\t\t\t\t\t\t\t\t<p class=\"has-medium-font-size\" style=\"text-align: justify;\">El total de unidades de aprendizaje que lo conforman es de <strong>48<\/strong>, de las cuales 40 son de tipo <strong>obligatorias<\/strong>, 4 <strong>optativas<\/strong> y 4 del tipo <strong>transversal multimodal<\/strong>.<\/p><ul><li class=\"has-medium-font-size\" style=\"text-align: justify;\">La duraci\u00f3n de la Licenciatura es de 8 semestres, teniendo un total de 344 cr\u00e9ditos, de los cuales 336 corresponden a las unidades de aprendizaje,<br \/>contemplados en los tres ciclos de formaci\u00f3n, y 8 cr\u00e9ditos a las actividades de formaci\u00f3n integral.<\/li><li class=\"has-medium-font-size\" style=\"text-align: justify;\">El total de horas est\u00e1 comprendido por 99 te\u00f3ricas, 152 horas pr\u00e1cticas, 150 horas para pr\u00e1cticas profesionales y 480 horas para servicio social.<\/li><li class=\"has-medium-font-size\" style=\"text-align: justify;\">Su estructura est\u00e1 conformada por ciclos de formaci\u00f3n: b\u00e1sico, profesional y especializado.<br \/>Se identifican ejes de formaci\u00f3n: formaci\u00f3n te\u00f3rico-t\u00e9cnica, formaci\u00f3n para la generaci\u00f3n y aplicaci\u00f3n del conocimiento, formaci\u00f3n en contexto y formaci\u00f3n para el desarrollo humano.<\/li><\/ul>\t\t\t\t\t\t\t\t<\/div>\n\t\t\t\t<\/div>\n\t\t\t\t\t<\/div>\n\t\t\t\t<\/div>\n\t\t<div class=\"elementor-element elementor-element-50139b9 e-flex e-con-boxed e-con e-parent\" data-id=\"50139b9\" data-element_type=\"container\" data-e-type=\"container\">\n\t\t\t\t\t<div class=\"e-con-inner\">\n\t\t<div class=\"elementor-element elementor-element-358bfbd e-con-full e-flex e-con e-child\" data-id=\"358bfbd\" data-element_type=\"container\" data-e-type=\"container\">\n\t\t\t\t<div class=\"elementor-element elementor-element-bcfc22a elementor-view-default elementor-position-block-start elementor-mobile-position-block-start elementor-widget elementor-widget-icon-box\" data-id=\"bcfc22a\" data-element_type=\"widget\" data-e-type=\"widget\" data-widget_type=\"icon-box.default\">\n\t\t\t\t<div class=\"elementor-widget-container\">\n\t\t\t\t\t\t\t<div class=\"elementor-icon-box-wrapper\">\n\n\t\t\t\t\t\t<div class=\"elementor-icon-box-icon\">\n\t\t\t\t<a href=\"http:\/\/ofertaeducativa.e-uaem.mx\/wp-content\/uploads\/2024\/02\/Mapa-Curricular-LAO-2019-Modalidad-Virtual.pdf\" target=\"_blank\" class=\"elementor-icon\" tabindex=\"-1\" aria-label=\"Mapa curricular\">\n\t\t\t\t<i aria-hidden=\"true\" class=\"far fa-file-pdf\"><\/i>\t\t\t\t<\/a>\n\t\t\t<\/div>\n\t\t\t\n\t\t\t\t\t\t<div class=\"elementor-icon-box-content\">\n\n\t\t\t\t\t\t\t\t\t<h3 class=\"elementor-icon-box-title\">\n\t\t\t\t\t\t<a href=\"http:\/\/ofertaeducativa.e-uaem.mx\/wp-content\/uploads\/2024\/02\/Mapa-Curricular-LAO-2019-Modalidad-Virtual.pdf\" target=\"_blank\" >\n\t\t\t\t\t\t\tMapa curricular\t\t\t\t\t\t<\/a>\n\t\t\t\t\t<\/h3>\n\t\t\t\t\n\t\t\t\t\n\t\t\t<\/div>\n\t\t\t\n\t\t<\/div>\n\t\t\t\t\t\t<\/div>\n\t\t\t\t<\/div>\n\t\t\t\t<\/div>\n\t\t<div class=\"elementor-element elementor-element-6fe6572 e-con-full e-flex e-con e-child\" data-id=\"6fe6572\" data-element_type=\"container\" data-e-type=\"container\">\n\t\t\t\t<\/div>\n\t\t<div class=\"elementor-element elementor-element-2d3960a e-con-full e-flex e-con e-child\" data-id=\"2d3960a\" data-element_type=\"container\" data-e-type=\"container\">\n\t\t\t\t<div class=\"elementor-element elementor-element-00a0e9f elementor-view-default elementor-position-block-start elementor-mobile-position-block-start elementor-widget elementor-widget-icon-box\" data-id=\"00a0e9f\" data-element_type=\"widget\" data-e-type=\"widget\" data-widget_type=\"icon-box.default\">\n\t\t\t\t<div class=\"elementor-widget-container\">\n\t\t\t\t\t\t\t<div class=\"elementor-icon-box-wrapper\">\n\n\t\t\t\t\t\t<div class=\"elementor-icon-box-icon\">\n\t\t\t\t<a href=\"http:\/\/ofertaeducativa.e-uaem.mx\/wp-content\/uploads\/2024\/02\/PE-Licenciatura-en-Administracion-de-Organizaciones-2019-modalidad-virtual.pdf\" target=\"_blank\" class=\"elementor-icon\" tabindex=\"-1\" aria-label=\"Plan de estudios\">\n\t\t\t\t<i aria-hidden=\"true\" class=\"far fa-file-pdf\"><\/i>\t\t\t\t<\/a>\n\t\t\t<\/div>\n\t\t\t\n\t\t\t\t\t\t<div class=\"elementor-icon-box-content\">\n\n\t\t\t\t\t\t\t\t\t<h3 class=\"elementor-icon-box-title\">\n\t\t\t\t\t\t<a href=\"http:\/\/ofertaeducativa.e-uaem.mx\/wp-content\/uploads\/2024\/02\/PE-Licenciatura-en-Administracion-de-Organizaciones-2019-modalidad-virtual.pdf\" target=\"_blank\" >\n\t\t\t\t\t\t\tPlan de estudios\t\t\t\t\t\t<\/a>\n\t\t\t\t\t<\/h3>\n\t\t\t\t\n\t\t\t\t\n\t\t\t<\/div>\n\t\t\t\n\t\t<\/div>\n\t\t\t\t\t\t<\/div>\n\t\t\t\t<\/div>\n\t\t\t\t<\/div>\n\t\t\t\t\t<\/div>\n\t\t\t\t<\/div>\n\t\t\t\t<\/div>\n\t\t","protected":false},"excerpt":{"rendered":"<p>El total de unidades de aprendizaje que lo conforman es de 48, de las cuales 40 son de tipo obligatorias, 4 optativas y 4 del tipo transversal multimodal. La duraci\u00f3n &#8230;<\/p>\n","protected":false},"author":1,"featured_media":0,"parent":0,"menu_order":0,"comment_status":"closed","ping_status":"closed","template":"","meta":{"footnotes":""},"class_list":["post-363","page","type-page","status-publish","hentry"],"_links":{"self":[{"href":"http:\/\/ofertaeducativa.e-uaem.mx\/index.php?rest_route=\/wp\/v2\/pages\/363","targetHints":{"allow":["GET"]}}],"collection":[{"href":"http:\/\/ofertaeducativa.e-uaem.mx\/index.php?rest_route=\/wp\/v2\/pages"}],"about":[{"href":"http:\/\/ofertaeducativa.e-uaem.mx\/index.php?rest_route=\/wp\/v2\/types\/page"}],"author":[{"embeddable":true,"href":"http:\/\/ofertaeducativa.e-uaem.mx\/index.php?rest_route=\/wp\/v2\/users\/1"}],"replies":[{"embeddable":true,"href":"http:\/\/ofertaeducativa.e-uaem.mx\/index.php?rest_route=%2Fwp%2Fv2%2Fcomments&post=363"}],"version-history":[{"count":46,"href":"http:\/\/ofertaeducativa.e-uaem.mx\/index.php?rest_route=\/wp\/v2\/pages\/363\/revisions"}],"predecessor-version":[{"id":812,"href":"http:\/\/ofertaeducativa.e-uaem.mx\/index.php?rest_route=\/wp\/v2\/pages\/363\/revisions\/812"}],"wp:attachment":[{"href":"http:\/\/ofertaeducativa.e-uaem.mx\/index.php?rest_route=%2Fwp%2Fv2%2Fmedia&parent=363"}],"curies":[{"name":"wp","href":"https:\/\/api.w.org\/{rel}","templated":true}]}}