{"id":29,"date":"2023-10-12T23:01:40","date_gmt":"2023-10-12T23:01:40","guid":{"rendered":"https:\/\/e-uaem.mx\/ofertaeducativa2\/?page_id=29"},"modified":"2024-09-26T20:41:11","modified_gmt":"2024-09-26T20:41:11","slug":"derecho","status":"publish","type":"page","link":"http:\/\/ofertaeducativa.e-uaem.mx\/?page_id=29","title":{"rendered":"Derecho"},"content":{"rendered":"\t\t<div data-elementor-type=\"wp-page\" data-elementor-id=\"29\" class=\"elementor elementor-29\">\n\t\t\t\t<div class=\"elementor-element elementor-element-5eda29d2 e-flex e-con-boxed e-con e-parent\" data-id=\"5eda29d2\" data-element_type=\"container\" data-e-type=\"container\">\n\t\t\t\t\t<div class=\"e-con-inner\">\n\t\t\t\t<div class=\"elementor-element elementor-element-32e8b820 elementor-widget elementor-widget-text-editor\" data-id=\"32e8b820\" data-element_type=\"widget\" data-e-type=\"widget\" data-widget_type=\"text-editor.default\">\n\t\t\t\t<div class=\"elementor-widget-container\">\n\t\t\t\t\t\t\t\t\t<p><\/p>\n<div class=\"has-medium-font-size\">\n<p style=\"text-align: justify;\">Puedes estudiar la licenciatura en <strong>Derecho<\/strong> en modalidad <strong>virtual<\/strong>, trabajando de manera independiente y colaborativa a trav\u00e9s de la plataforma, asistiendo a la Universidad s\u00f3lo para participar en las sesiones presenciales programadas y con el acompa\u00f1amiento de un\/a docente como tu asesor\/a en l\u00ednea.<\/p>\n<\/div>\n<p><\/p>\n<p><\/p>\n<p>\u00a0<\/p>\n<p><\/p>\n<p><\/p>\n<p class=\"wp-block-gallery-2 is-layout-flex wp-block-gallery-is-layout-flex\"><\/p>\t\t\t\t\t\t\t\t<\/div>\n\t\t\t\t<\/div>\n\t\t\t\t\t<\/div>\n\t\t\t\t<\/div>\n\t\t<div class=\"elementor-element elementor-element-de495bf e-flex e-con-boxed e-con e-parent\" data-id=\"de495bf\" data-element_type=\"container\" data-e-type=\"container\">\n\t\t\t\t\t<div class=\"e-con-inner\">\n\t\t\t\t<div class=\"elementor-element elementor-element-a229a84 animated-slow elementor-invisible elementor-widget elementor-widget-image-gallery\" data-id=\"a229a84\" data-element_type=\"widget\" data-e-type=\"widget\" data-settings=\"{&quot;_animation&quot;:&quot;fadeIn&quot;}\" data-widget_type=\"image-gallery.default\">\n\t\t\t\t<div class=\"elementor-widget-container\">\n\t\t\t\t\t\t\t<div class=\"elementor-image-gallery\">\n\t\t\t<div id='gallery-1' class='gallery galleryid-29 gallery-columns-3 gallery-size-medium'><figure class='gallery-item'>\n\t\t\t<div class='gallery-icon landscape'>\n\t\t\t\t<a data-elementor-open-lightbox=\"yes\" data-elementor-lightbox-slideshow=\"a229a84\" data-e-action-hash=\"#elementor-action%3Aaction%3Dlightbox%26settings%3DeyJpZCI6MjMxLCJ1cmwiOiJodHRwOlwvXC9vZmVydGFlZHVjYXRpdmEuZS11YWVtLm14XC93cC1jb250ZW50XC91cGxvYWRzXC8yMDIzXC8xMFwvc3RpbGwtbGlmZS13aXRoLXNjYWxlcy1qdXN0aWNlLXNjYWxlZC5qcGciLCJzbGlkZXNob3ciOiJhMjI5YTg0In0%3D\" href='http:\/\/ofertaeducativa.e-uaem.mx\/wp-content\/uploads\/2023\/10\/still-life-with-scales-justice-scaled.jpg'><img fetchpriority=\"high\" decoding=\"async\" width=\"300\" height=\"200\" src=\"http:\/\/ofertaeducativa.e-uaem.mx\/wp-content\/uploads\/2023\/10\/still-life-with-scales-justice-300x200.jpg\" class=\"attachment-medium size-medium\" alt=\"\" srcset=\"http:\/\/ofertaeducativa.e-uaem.mx\/wp-content\/uploads\/2023\/10\/still-life-with-scales-justice-300x200.jpg 300w, http:\/\/ofertaeducativa.e-uaem.mx\/wp-content\/uploads\/2023\/10\/still-life-with-scales-justice-1024x683.jpg 1024w, http:\/\/ofertaeducativa.e-uaem.mx\/wp-content\/uploads\/2023\/10\/still-life-with-scales-justice-768x512.jpg 768w, http:\/\/ofertaeducativa.e-uaem.mx\/wp-content\/uploads\/2023\/10\/still-life-with-scales-justice-1536x1024.jpg 1536w, http:\/\/ofertaeducativa.e-uaem.mx\/wp-content\/uploads\/2023\/10\/still-life-with-scales-justice-2048x1365.jpg 2048w\" sizes=\"(max-width: 300px) 100vw, 300px\" \/><\/a>\n\t\t\t<\/div><\/figure><figure class='gallery-item'>\n\t\t\t<div class='gallery-icon landscape'>\n\t\t\t\t<a data-elementor-open-lightbox=\"yes\" data-elementor-lightbox-slideshow=\"a229a84\" data-e-action-hash=\"#elementor-action%3Aaction%3Dlightbox%26settings%3DeyJpZCI6MjMwLCJ1cmwiOiJodHRwOlwvXC9vZmVydGFlZHVjYXRpdmEuZS11YWVtLm14XC93cC1jb250ZW50XC91cGxvYWRzXC8yMDIzXC8xMFwvYnVzaW5lc3NtYW4tc2lnbmluZy1pbXBvcnRhbnQtY29udHJhY3QtcGFwZXJzLXNjYWxlZC5qcGciLCJzbGlkZXNob3ciOiJhMjI5YTg0In0%3D\" href='http:\/\/ofertaeducativa.e-uaem.mx\/wp-content\/uploads\/2023\/10\/businessman-signing-important-contract-papers-scaled.jpg'><img decoding=\"async\" width=\"300\" height=\"200\" src=\"http:\/\/ofertaeducativa.e-uaem.mx\/wp-content\/uploads\/2023\/10\/businessman-signing-important-contract-papers-300x200.jpg\" class=\"attachment-medium size-medium\" alt=\"\" srcset=\"http:\/\/ofertaeducativa.e-uaem.mx\/wp-content\/uploads\/2023\/10\/businessman-signing-important-contract-papers-300x200.jpg 300w, http:\/\/ofertaeducativa.e-uaem.mx\/wp-content\/uploads\/2023\/10\/businessman-signing-important-contract-papers-1024x683.jpg 1024w, http:\/\/ofertaeducativa.e-uaem.mx\/wp-content\/uploads\/2023\/10\/businessman-signing-important-contract-papers-768x512.jpg 768w, http:\/\/ofertaeducativa.e-uaem.mx\/wp-content\/uploads\/2023\/10\/businessman-signing-important-contract-papers-1536x1024.jpg 1536w, http:\/\/ofertaeducativa.e-uaem.mx\/wp-content\/uploads\/2023\/10\/businessman-signing-important-contract-papers-2048x1365.jpg 2048w\" sizes=\"(max-width: 300px) 100vw, 300px\" \/><\/a>\n\t\t\t<\/div><\/figure><figure class='gallery-item'>\n\t\t\t<div class='gallery-icon landscape'>\n\t\t\t\t<a data-elementor-open-lightbox=\"yes\" data-elementor-lightbox-slideshow=\"a229a84\" data-e-action-hash=\"#elementor-action%3Aaction%3Dlightbox%26settings%3DeyJpZCI6MjI5LCJ1cmwiOiJodHRwOlwvXC9vZmVydGFlZHVjYXRpdmEuZS11YWVtLm14XC93cC1jb250ZW50XC91cGxvYWRzXC8yMDIzXC8xMFwvZm9jdXNlZC1vZmZpY2UtbGFkeS1nbGFzc2VzLXVzaW5nLXRhYmxldC13aGlsZS10d28tbWF0dXJlLWJ1c2luZXNzbWVuLWRpc2N1c3Npbmctd29yay1nbGFzcy13YWxsLWNvcHktc3BhY2UtY29tbXVuaWNhdGlvbi1jb25jZXB0LXNjYWxlZC5qcGciLCJzbGlkZXNob3ciOiJhMjI5YTg0In0%3D\" href='http:\/\/ofertaeducativa.e-uaem.mx\/wp-content\/uploads\/2023\/10\/focused-office-lady-glasses-using-tablet-while-two-mature-businessmen-discussing-work-glass-wall-copy-space-communication-concept-scaled.jpg'><img decoding=\"async\" width=\"300\" height=\"200\" src=\"http:\/\/ofertaeducativa.e-uaem.mx\/wp-content\/uploads\/2023\/10\/focused-office-lady-glasses-using-tablet-while-two-mature-businessmen-discussing-work-glass-wall-copy-space-communication-concept-300x200.jpg\" class=\"attachment-medium size-medium\" alt=\"\" srcset=\"http:\/\/ofertaeducativa.e-uaem.mx\/wp-content\/uploads\/2023\/10\/focused-office-lady-glasses-using-tablet-while-two-mature-businessmen-discussing-work-glass-wall-copy-space-communication-concept-300x200.jpg 300w, http:\/\/ofertaeducativa.e-uaem.mx\/wp-content\/uploads\/2023\/10\/focused-office-lady-glasses-using-tablet-while-two-mature-businessmen-discussing-work-glass-wall-copy-space-communication-concept-1024x683.jpg 1024w, http:\/\/ofertaeducativa.e-uaem.mx\/wp-content\/uploads\/2023\/10\/focused-office-lady-glasses-using-tablet-while-two-mature-businessmen-discussing-work-glass-wall-copy-space-communication-concept-768x512.jpg 768w, http:\/\/ofertaeducativa.e-uaem.mx\/wp-content\/uploads\/2023\/10\/focused-office-lady-glasses-using-tablet-while-two-mature-businessmen-discussing-work-glass-wall-copy-space-communication-concept-1536x1024.jpg 1536w, http:\/\/ofertaeducativa.e-uaem.mx\/wp-content\/uploads\/2023\/10\/focused-office-lady-glasses-using-tablet-while-two-mature-businessmen-discussing-work-glass-wall-copy-space-communication-concept-2048x1365.jpg 2048w\" sizes=\"(max-width: 300px) 100vw, 300px\" \/><\/a>\n\t\t\t<\/div><\/figure>\n\t\t<\/div>\n\t\t<\/div>\n\t\t\t\t\t\t<\/div>\n\t\t\t\t<\/div>\n\t\t\t\t\t<\/div>\n\t\t\t\t<\/div>\n\t\t\t\t<\/div>\n\t\t","protected":false},"excerpt":{"rendered":"<p>Puedes estudiar la licenciatura en Derecho en modalidad virtual, trabajando de manera independiente y colaborativa a trav\u00e9s de la plataforma, asistiendo a la Universidad s\u00f3lo para participar en las sesiones &#8230;<\/p>\n","protected":false},"author":1,"featured_media":0,"parent":0,"menu_order":0,"comment_status":"closed","ping_status":"closed","template":"","meta":{"footnotes":""},"class_list":["post-29","page","type-page","status-publish","hentry"],"_links":{"self":[{"href":"http:\/\/ofertaeducativa.e-uaem.mx\/index.php?rest_route=\/wp\/v2\/pages\/29","targetHints":{"allow":["GET"]}}],"collection":[{"href":"http:\/\/ofertaeducativa.e-uaem.mx\/index.php?rest_route=\/wp\/v2\/pages"}],"about":[{"href":"http:\/\/ofertaeducativa.e-uaem.mx\/index.php?rest_route=\/wp\/v2\/types\/page"}],"author":[{"embeddable":true,"href":"http:\/\/ofertaeducativa.e-uaem.mx\/index.php?rest_route=\/wp\/v2\/users\/1"}],"replies":[{"embeddable":true,"href":"http:\/\/ofertaeducativa.e-uaem.mx\/index.php?rest_route=%2Fwp%2Fv2%2Fcomments&post=29"}],"version-history":[{"count":39,"href":"http:\/\/ofertaeducativa.e-uaem.mx\/index.php?rest_route=\/wp\/v2\/pages\/29\/revisions"}],"predecessor-version":[{"id":1087,"href":"http:\/\/ofertaeducativa.e-uaem.mx\/index.php?rest_route=\/wp\/v2\/pages\/29\/revisions\/1087"}],"wp:attachment":[{"href":"http:\/\/ofertaeducativa.e-uaem.mx\/index.php?rest_route=%2Fwp%2Fv2%2Fmedia&parent=29"}],"curies":[{"name":"wp","href":"https:\/\/api.w.org\/{rel}","templated":true}]}}